{"id":2614,"date":"2021-08-31T09:44:03","date_gmt":"2021-08-31T07:44:03","guid":{"rendered":"https:\/\/fujifilmxmount.com\/comparison\/?page_id=2614"},"modified":"2021-09-13T09:55:57","modified_gmt":"2021-09-13T07:55:57","slug":"kunye","status":"publish","type":"page","link":"https:\/\/fujifilmxmount.com\/comparison\/tr\/kunye\/","title":{"rendered":"K\u00fcnye"},"content":{"rendered":"<table>\n<tbody>\n<tr>\n<td width=\"288\">\u015eirket Ad\u0131<\/td>\n<td width=\"317\">FUJIFILM Nordic AB<\/td>\n<\/tr>\n<tr>\n<td width=\"288\">Adres<\/td>\n<td width=\"317\">Hantverkargatan 25, SE-112 21 Stockholm, \u0130sve\u00e7<\/td>\n<\/tr>\n<tr>\n<td width=\"288\">telefon<\/td>\n<td width=\"317\">+46 (0)8 525 237 00<\/td>\n<\/tr>\n<tr>\n<td width=\"288\">faks<\/td>\n<td width=\"317\">n\/a<\/td>\n<\/tr>\n<tr>\n<td width=\"288\">e-posta<\/td>\n<td width=\"317\">info@fujifilmnordic.eu<\/td>\n<\/tr>\n<tr>\n<td width=\"288\">Genel m\u00fcd\u00fcr<\/td>\n<td width=\"317\">Patrik Wigholm<\/td>\n<\/tr>\n<tr>\n<td width=\"288\">Kay\u0131t mahkemesi<\/td>\n<td width=\"317\">Stockholms Tingsr\u00e4tt<\/td>\n<\/tr>\n<tr>\n<td width=\"288\">Kay\u0131t numaras\u0131<\/td>\n<td width=\"317\">556887-3011<\/td>\n<\/tr>\n<tr>\n<td width=\"288\">Sat\u0131\u015f vergisi kimlik numaras\u0131<\/td>\n<td width=\"317\">SE556887301101<\/td>\n<\/tr>\n<tr>\n<td width=\"288\">WEEE kay\u0131t numaras\u0131<\/td>\n<td width=\"317\">556887-3011<\/td>\n<\/tr>\n<tr>\n<td width=\"288\">\u00c7evrimi\u00e7i anla\u015fmazl\u0131k \u00e7\u00f6z\u00fcm\u00fcne ili\u015fkin bilgiler<\/p>\n<p>&nbsp;<\/td>\n<td width=\"317\">Avrupa Komisyonu, \u00e7evrimi\u00e7i anla\u015fmazl\u0131k \u00e7\u00f6z\u00fcm\u00fc (OS) i\u00e7in bir platform sa\u011flar. Platformu \u015fu adreste bulabilirsiniz: https:\/\/ec.europa.eu\/consumers\/odr. Bir t\u00fcketici tahkim kurulu huzurunda bir ihtilaf \u00e7\u00f6z\u00fcm prosed\u00fcr\u00fcne kat\u0131lmaya ne istekli ne de buna mecburuz.<\/td>\n<\/tr>\n<\/tbody>\n<\/table>\n","protected":false},"excerpt":{"rendered":"<p>\u015eirket Ad\u0131 FUJIFILM Nordic AB Adres Hantverkargatan 25, SE-112 21 Stockholm, \u0130sve\u00e7 telefon +46 (0)8 525 237 00 faks n\/a e-posta info@fujifilmnordic.eu Genel m\u00fcd\u00fcr Patrik Wigholm Kay\u0131t mahkemesi Stockholms Tingsr\u00e4tt Kay\u0131t numaras\u0131 556887-3011 Sat\u0131\u015f vergisi kimlik numaras\u0131 SE556887301101 WEEE kay\u0131t numaras\u0131 556887-3011 \u00c7evrimi\u00e7i anla\u015fmazl\u0131k \u00e7\u00f6z\u00fcm\u00fcne ili\u015fkin bilgiler &nbsp; Avrupa Komisyonu, \u00e7evrimi\u00e7i anla\u015fmazl\u0131k \u00e7\u00f6z\u00fcm\u00fc (OS) i\u00e7in [&hellip;]<\/p>\n","protected":false},"author":1,"featured_media":0,"parent":0,"menu_order":0,"comment_status":"closed","ping_status":"closed","template":"tmpl_privacy.php","meta":[],"acf":[],"_links":{"self":[{"href":"https:\/\/fujifilmxmount.com\/comparison\/tr\/wp-json\/wp\/v2\/pages\/2614"}],"collection":[{"href":"https:\/\/fujifilmxmount.com\/comparison\/tr\/wp-json\/wp\/v2\/pages"}],"about":[{"href":"https:\/\/fujifilmxmount.com\/comparison\/tr\/wp-json\/wp\/v2\/types\/page"}],"author":[{"embeddable":true,"href":"https:\/\/fujifilmxmount.com\/comparison\/tr\/wp-json\/wp\/v2\/users\/1"}],"replies":[{"embeddable":true,"href":"https:\/\/fujifilmxmount.com\/comparison\/tr\/wp-json\/wp\/v2\/comments?post=2614"}],"version-history":[{"count":0,"href":"https:\/\/fujifilmxmount.com\/comparison\/tr\/wp-json\/wp\/v2\/pages\/2614\/revisions"}],"wp:attachment":[{"href":"https:\/\/fujifilmxmount.com\/comparison\/tr\/wp-json\/wp\/v2\/media?parent=2614"}],"curies":[{"name":"wp","href":"https:\/\/api.w.org\/{rel}","templated":true}]}}