{"id":811,"date":"2014-10-30T17:23:30","date_gmt":"2014-10-30T16:23:30","guid":{"rendered":"https:\/\/fujifilmxmount.com\/comparison\/about-fujinon-x-mount-lenses-2\/"},"modified":"2016-02-10T14:54:32","modified_gmt":"2016-02-10T13:54:32","slug":"about-fujinon-x-mount-lenses","status":"publish","type":"page","link":"https:\/\/fujifilmxmount.com\/comparison\/tr\/about-fujinon-x-mount-lenses\/","title":{"rendered":"Lenslerimiz Hakk\u0131nda"},"content":{"rendered":"<p><iframe loading=\"lazy\" class=\"xmount_movie\" src=\"\/\/www.youtube.com\/embed\/oY1PbQsh1zM\" width=\"470\" height=\"264\" frameborder=\"0\" allowfullscreen=\"allowfullscreen\"><\/iframe><\/p>\n<p>Fujifilm\u2019in X ba\u011flant\u0131l\u0131 objektif serisi, \u00e7ok \u00e7e\u015fitli \u00e7ekim ortamlar\u0131n\u0131 kapsayan en y\u00fcksek resim kalitesine ula\u015f\u0131r. X serisi makineleri ile birlikte yarat\u0131lmas\u0131 ve \u0131\u015f\u0131k alg\u0131lay\u0131c\u0131 ile objektiflerin e\u015fzamanl\u0131 olarak geli\u015ftirilmesi sonucunda Fujifilm, XF ve XC objektiflerini niteli\u011fin ve kullan\u0131\u015fl\u0131l\u0131\u011f\u0131n m\u00fckemmel bir harman\u0131 halinde sunabilmektedir.<\/p>\n<p>&nbsp;<\/p>\n<p>Seri \u015fu anda, \u00f6zg\u00fcl konulara adanm\u0131\u015f sabit odak uzakl\u0131kl\u0131 objektiflerden \u00e7ok y\u00f6nl\u00fc ve ta\u015f\u0131nabilir zoom objektiflere kadar 19 objektiften olu\u015fmaktad\u0131r. \u00d6n\u00fcm\u00fczdeki y\u0131l i\u00e7inde daha da fazla objektifin tan\u0131t\u0131lmas\u0131 planlanm\u0131\u015ft\u0131r ve b\u00f6ylece daha geni\u015f bir \u00e7ekim alan\u0131 kapsama imkan\u0131 sunulacakt\u0131r. X serisinin t\u00fcm objektifleri y\u00fcksek \u00e7\u00f6z\u00fcn\u00fcrl\u00fck ve kenardan kenara keskinlik sunarlarken geni\u015f diyaframlar\u0131, g\u00f6vde boyutlar\u0131n\u0131n k\u00fc\u00e7\u00fck olmas\u0131na ra\u011fmen etkileyici \u00e7ekimleri m\u00fcmk\u00fcn k\u0131larlar.<\/p>\n","protected":false},"excerpt":{"rendered":"<p>Fujifilm\u2019in X ba\u011flant\u0131l\u0131 objektif serisi, \u00e7ok \u00e7e\u015fitli \u00e7ekim ortamlar\u0131n\u0131 kapsayan en y\u00fcksek resim kalitesine ula\u015f\u0131r. X serisi makineleri ile birlikte yarat\u0131lmas\u0131 ve \u0131\u015f\u0131k alg\u0131lay\u0131c\u0131 ile objektiflerin e\u015fzamanl\u0131 olarak geli\u015ftirilmesi sonucunda Fujifilm, XF ve XC objektiflerini niteli\u011fin ve kullan\u0131\u015fl\u0131l\u0131\u011f\u0131n m\u00fckemmel bir harman\u0131 halinde sunabilmektedir. &nbsp; Seri \u015fu anda, \u00f6zg\u00fcl konulara adanm\u0131\u015f sabit odak uzakl\u0131kl\u0131 objektiflerden \u00e7ok [&hellip;]<\/p>\n","protected":false},"author":1,"featured_media":0,"parent":0,"menu_order":0,"comment_status":"open","ping_status":"open","template":"tmpl-lenses.php","meta":[],"acf":[],"_links":{"self":[{"href":"https:\/\/fujifilmxmount.com\/comparison\/tr\/wp-json\/wp\/v2\/pages\/811"}],"collection":[{"href":"https:\/\/fujifilmxmount.com\/comparison\/tr\/wp-json\/wp\/v2\/pages"}],"about":[{"href":"https:\/\/fujifilmxmount.com\/comparison\/tr\/wp-json\/wp\/v2\/types\/page"}],"author":[{"embeddable":true,"href":"https:\/\/fujifilmxmount.com\/comparison\/tr\/wp-json\/wp\/v2\/users\/1"}],"replies":[{"embeddable":true,"href":"https:\/\/fujifilmxmount.com\/comparison\/tr\/wp-json\/wp\/v2\/comments?post=811"}],"version-history":[{"count":0,"href":"https:\/\/fujifilmxmount.com\/comparison\/tr\/wp-json\/wp\/v2\/pages\/811\/revisions"}],"wp:attachment":[{"href":"https:\/\/fujifilmxmount.com\/comparison\/tr\/wp-json\/wp\/v2\/media?parent=811"}],"curies":[{"name":"wp","href":"https:\/\/api.w.org\/{rel}","templated":true}]}}