{"id":815,"date":"2014-10-30T17:23:19","date_gmt":"2014-10-30T16:23:19","guid":{"rendered":"https:\/\/fujifilmxmount.com\/comparison\/how-we-did-the-test-2\/"},"modified":"2016-02-15T17:37:16","modified_gmt":"2016-02-15T16:37:16","slug":"how-we-did-the-test","status":"publish","type":"page","link":"https:\/\/fujifilmxmount.com\/comparison\/tr\/how-we-did-the-test\/","title":{"rendered":"Test s\u00fcreci hakk\u0131nda"},"content":{"rendered":"<div class=\"xmount_movie\"><img decoding=\"async\" loading=\"lazy\" class=\"alignnone size-full wp-image-1729\" src=\"https:\/\/fujifilmxmount.com\/comparison\/wp\/wp-content\/uploads\/2016\/02\/hurvigjorde.png\" alt=\"hurvigjorde\" width=\"700\" height=\"525\" \/><\/div>\n<p>Test s\u00fcrecindeki t\u00fcm foto\u011fraflar FUJIFILM X-T1 ve \u00e7ekim tarihinde (Kas\u0131m 2014) piyasaya \u00e7\u0131km\u0131\u015f olan t\u00fcm X ba\u011flant\u0131l\u0131 objektifler ile \u00e7ekilmi\u015ftir. Objektifler, tam olan t\u00fcm diyafram basamaklarnda ve her birinin odak uzakl\u0131\u011f\u0131ndaki azam\u00ee diyafram a\u00e7\u0131kl\u0131\u011f\u0131nda \u00e7ekilmi\u015ftir. Optik kayd\u0131rmal\u0131 (zoom) objektifler i\u00e7in 3 -4 farkl\u0131 odak uzakl\u0131klar\u0131 kulland\u0131k.<\/p>\n<p>&nbsp;<\/p>\n<p>&nbsp;<\/p>\n<p>Makine, a\u015fa\u011f\u0131daki gibi ayarlanm\u0131\u015ft\u0131r:<br \/>\nJPEG (Fine)<br \/>\nProvia \/ Standart Beyaz dengesi: El ile<br \/>\n\u00d6l\u00e7\u00fcm: \u00c7oklu<br \/>\nISO: 200<br \/>\nEnstantane: Otomatik<br \/>\nNetle\u015ftirme: AF-S<br \/>\nUzun s\u00fcreli \u0131\u015f\u0131klamalar i\u00e7in kumlanmay\u0131 azaltma i\u015flevi: A\u00e7\u0131k<br \/>\nLMO: A\u00e7\u0131k<\/p>\n<p>&nbsp;<\/p>\n<p>Foto\u011fraflar, m\u00fcmk\u00fcn oldu\u011funca resim sabitleme sistemi kapat\u0131larak ve bir sehpa kullan\u0131larak \u00e7ekilmi\u015ftir. Foto\u011fraflar, 2500&#215;1667 seviyesine getirilen makinenin do\u011frudan verdi\u011fi i\u015flenmemi\u015f JPEG dosyalar\u0131d\u0131r.<\/p>\n","protected":false},"excerpt":{"rendered":"<p>Test s\u00fcrecindeki t\u00fcm foto\u011fraflar FUJIFILM X-T1 ve \u00e7ekim tarihinde (Kas\u0131m 2014) piyasaya \u00e7\u0131km\u0131\u015f olan t\u00fcm X ba\u011flant\u0131l\u0131 objektifler ile \u00e7ekilmi\u015ftir. Objektifler, tam olan t\u00fcm diyafram basamaklarnda ve her birinin odak uzakl\u0131\u011f\u0131ndaki azam\u00ee diyafram a\u00e7\u0131kl\u0131\u011f\u0131nda \u00e7ekilmi\u015ftir. Optik kayd\u0131rmal\u0131 (zoom) objektifler i\u00e7in 3 -4 farkl\u0131 odak uzakl\u0131klar\u0131 kulland\u0131k. &nbsp; &nbsp; Makine, a\u015fa\u011f\u0131daki gibi ayarlanm\u0131\u015ft\u0131r: JPEG (Fine) Provia [&hellip;]<\/p>\n","protected":false},"author":1,"featured_media":328,"parent":0,"menu_order":0,"comment_status":"open","ping_status":"open","template":"","meta":[],"acf":[],"_links":{"self":[{"href":"https:\/\/fujifilmxmount.com\/comparison\/tr\/wp-json\/wp\/v2\/pages\/815"}],"collection":[{"href":"https:\/\/fujifilmxmount.com\/comparison\/tr\/wp-json\/wp\/v2\/pages"}],"about":[{"href":"https:\/\/fujifilmxmount.com\/comparison\/tr\/wp-json\/wp\/v2\/types\/page"}],"author":[{"embeddable":true,"href":"https:\/\/fujifilmxmount.com\/comparison\/tr\/wp-json\/wp\/v2\/users\/1"}],"replies":[{"embeddable":true,"href":"https:\/\/fujifilmxmount.com\/comparison\/tr\/wp-json\/wp\/v2\/comments?post=815"}],"version-history":[{"count":0,"href":"https:\/\/fujifilmxmount.com\/comparison\/tr\/wp-json\/wp\/v2\/pages\/815\/revisions"}],"wp:featuredmedia":[{"embeddable":true,"href":"https:\/\/fujifilmxmount.com\/comparison\/tr\/wp-json\/wp\/v2\/media\/328"}],"wp:attachment":[{"href":"https:\/\/fujifilmxmount.com\/comparison\/tr\/wp-json\/wp\/v2\/media?parent=815"}],"curies":[{"name":"wp","href":"https:\/\/api.w.org\/{rel}","templated":true}]}}