{"id":817,"date":"2014-10-30T17:24:10","date_gmt":"2014-10-30T16:24:10","guid":{"rendered":"https:\/\/fujifilmxmount.com\/comparison\/test-our-lenses-2\/"},"modified":"2015-02-19T09:36:09","modified_gmt":"2015-02-19T08:36:09","slug":"test-our-lenses","status":"publish","type":"page","link":"https:\/\/fujifilmxmount.com\/comparison\/tr\/test-our-lenses\/","title":{"rendered":"Objektiflerimizi test ediniz"},"content":{"rendered":"<p>Objektiflerimizi s\u0131nayarak, farkl\u0131 objektiflerin ve diyafram de\u011ferlerinin resme nas\u0131l tesir etti\u011fini g\u00f6rebilirsiniz.<\/p>\n<p>&nbsp;<\/p>\n<p>1. Bir objektif se\u00e7iniz<br \/>\n2. Diyafram de\u011feri se\u00e7iniz (m\u00fcmk\u00fcn ise optik kayd\u0131rma (zoom) se\u00e7iniz)<br \/>\n3. &#8220;Foto\u011fraf \u00e7ek&#8221; tu\u015funa bas\u0131n\u0131z<\/p>\n<p>&nbsp;<\/p>\n<p>Resimlerinizi izlemek ve kar\u015f\u0131la\u015ft\u0131rmak i\u00e7in &#8220;Lightbox izle&#8221; tu\u015funa bas\u0131n\u0131z.<\/p>\n","protected":false},"excerpt":{"rendered":"<p>Objektiflerimizi s\u0131nayarak, farkl\u0131 objektiflerin ve diyafram de\u011ferlerinin resme nas\u0131l tesir etti\u011fini g\u00f6rebilirsiniz. &nbsp; 1. Bir objektif se\u00e7iniz 2. Diyafram de\u011feri se\u00e7iniz (m\u00fcmk\u00fcn ise optik kayd\u0131rma (zoom) se\u00e7iniz) 3. &#8220;Foto\u011fraf \u00e7ek&#8221; tu\u015funa bas\u0131n\u0131z &nbsp; Resimlerinizi izlemek ve kar\u015f\u0131la\u015ft\u0131rmak i\u00e7in &#8220;Lightbox izle&#8221; tu\u015funa bas\u0131n\u0131z.<\/p>\n","protected":false},"author":1,"featured_media":0,"parent":0,"menu_order":0,"comment_status":"open","ping_status":"open","template":"tmpl-choose-lens.php","meta":[],"acf":[],"_links":{"self":[{"href":"https:\/\/fujifilmxmount.com\/comparison\/tr\/wp-json\/wp\/v2\/pages\/817"}],"collection":[{"href":"https:\/\/fujifilmxmount.com\/comparison\/tr\/wp-json\/wp\/v2\/pages"}],"about":[{"href":"https:\/\/fujifilmxmount.com\/comparison\/tr\/wp-json\/wp\/v2\/types\/page"}],"author":[{"embeddable":true,"href":"https:\/\/fujifilmxmount.com\/comparison\/tr\/wp-json\/wp\/v2\/users\/1"}],"replies":[{"embeddable":true,"href":"https:\/\/fujifilmxmount.com\/comparison\/tr\/wp-json\/wp\/v2\/comments?post=817"}],"version-history":[{"count":0,"href":"https:\/\/fujifilmxmount.com\/comparison\/tr\/wp-json\/wp\/v2\/pages\/817\/revisions"}],"wp:attachment":[{"href":"https:\/\/fujifilmxmount.com\/comparison\/tr\/wp-json\/wp\/v2\/media?parent=817"}],"curies":[{"name":"wp","href":"https:\/\/api.w.org\/{rel}","templated":true}]}}