{"id":1774,"date":"2018-05-24T10:29:35","date_gmt":"2018-05-24T08:29:35","guid":{"rendered":"https:\/\/fujifilmxmount.com\/comparison\/privacy-policy\/"},"modified":"2021-08-31T10:44:05","modified_gmt":"2021-08-31T08:44:05","slug":"privacy-policy-2021","status":"publish","type":"page","link":"https:\/\/fujifilmxmount.com\/comparison\/privacy-policy-2021\/","title":{"rendered":"Privacy policy &#8211; 2021"},"content":{"rendered":"\r\n<h1>Integritetspolicy<\/h1>\r\n<h2>1.\u00a0\u00a0 Till\u00e4mpningsomr\u00e5de f\u00f6r denna sekretesspolicy<\/h2>\r\n<h3>1.1.\u00a0\u00a0\u00a0\u00a0 Till\u00e4mpningsomr\u00e5de<\/h3>\r\n<p>Denna sekretesspolicy beskriver v\u00e5rt \u00e5tagande att skydda dataskyddet och hur vi behandlar den personliga information som vi f\u00e5r fr\u00e5n bes\u00f6kare p\u00e5 denna webbplats (&#8221;Webbplats(er)&#8221;) och anv\u00e4ndare av mjukvaruapplikationer (&#8221;App(er)&#8221;) som (i) f\u00f6rvaltas och drivs av FUJIFILM Europe eller ett av dess dotterbolag enligt vad som anges i avsnittet &#8221;Personuppgiftsansvarig&#8221; (&#8221;FUJIFILM&#8221; eller &#8221;vi&#8221;) och (ii) som har en l\u00e4nk till denna sekretesspolicy.<\/p>\r\n<p>Denna sekretesspolicy kan ocks\u00e5 g\u00e4lla n\u00e4r det h\u00e4nvisas till den i ett offline-sammanhang, t.ex. f\u00f6r workshops och andra evenemang och marknadsf\u00f6ringsaktiviteter.<\/p>\r\n<p>Om best\u00e4mmelser som skiljer sig fr\u00e5n denna sekretesspolicy tydligt anges ska de relevanta avvikande best\u00e4mmelserna g\u00e4lla.<\/p>\r\n<h3>1.2.\u00a0\u00a0\u00a0\u00a0 Personuppgiftsansvarig och dataskyddsombud<\/h3>\r\n<p>Personuppgiftsansvarig f\u00f6r alla personuppgifter som samlas in inom ramen f\u00f6r denna sekretesspolicy \u00e4r FUJIFILM Nordic AB, Hantverkargatan 25, SE-112 21 Stockholm, Sverige. F\u00f6r ytterligare information se webbplatsens avtryck.<\/p>\r\n<p>V\u00e5rt dataskyddsombud\/dataskyddsteam kan kontaktas per post eller via e-post p\u00e5 privacyoffice_eu@fujifilm.com.<\/p>\r\n<h3>1.3.\u00a0\u00a0\u00a0\u00a0 Externa l\u00e4nkar<\/h3>\r\n<p>Denna sekretesspolicy g\u00e4ller inte f\u00f6r webbplatser som har publicerat sin egen sekretesspolicy och inte heller f\u00f6r webbplatser fr\u00e5n tredje part, \u00e4ven om l\u00e4nkar till deras webbplatser finns p\u00e5 v\u00e5ra webbplatser och appar. Var medveten om att vi inte \u00e4r ansvariga f\u00f6r sekretesspraxis p\u00e5 s\u00e5dana andra webbplatser. Vi uppmuntrar v\u00e5ra anv\u00e4ndare att vara medvetna n\u00e4r de l\u00e4mnar en av v\u00e5ra webbplatser och att l\u00e4sa sekretessf\u00f6rklaringarna f\u00f6r varje enskild webbplats som samlar in personlig information.<\/p>\r\n<h2>2.\u00a0\u00a0 Hantering av personuppgifter<\/h2>\r\n<h3>2.1.\u00a0\u00a0\u00a0\u00a0 Insamling av personlig information<\/h3>\r\n<p>I princip kan du bes\u00f6ka webbplatsen\/webbplatserna utan att l\u00e4mna ut personlig information. Webbplatsen\/webbplatserna och appen\/apparna kan samla in viss teknisk information, t.ex. vilket inneh\u00e5ll du har tittat p\u00e5 webbplatsen\/webbplatserna eller vilken webbplats du har h\u00e4nvisat till f\u00f6r att komma \u00e5t webbplatsen\/webbplatserna. Vid insamling av s\u00e5dan information, vars syfte \u00e4r att f\u00f6rb\u00e4ttra anv\u00e4ndbarheten av webbplatsen\/webbplatserna eller appen\/apparna, ska informationen inte samlas in p\u00e5 ett s\u00e4tt som g\u00f6r att du kan identifieras, och du ska inte heller identifieras under informationsanalysen.<\/p>\r\n<p>Du kan bli ombedd att l\u00e4mna personlig information (&#8221;personlig information&#8221;) f\u00f6r att f\u00e5 tillg\u00e5ng till vissa delar av webbplatsen. Vi kan ocks\u00e5 komma att be om vissa personuppgifter n\u00e4r du best\u00e4ller en produkt, beg\u00e4r tj\u00e4nster, deltar i reklamaktiviteter eller forskningsstudier eller korresponderar med oss. Personlig information som vi samlar in kan omfatta namn, postadress, telefonnummer, e-postadress, betalningsuppgifter och andra uppgifter som du l\u00e4mnar till oss till exempel i ett kontaktformul\u00e4r, registrering f\u00f6r ett konto eller prenumeration p\u00e5 ett nyhetsbrev eller annan marknadsf\u00f6ringskommunikation.<\/p>\r\n<p>Vi behandlar dina personuppgifter baserat p\u00e5 ditt samtycke, f\u00f6r att fullg\u00f6ra ett avtal eller n\u00e4r det \u00e4r n\u00f6dv\u00e4ndigt f\u00f6r v\u00e5ra legitima intressen, inklusive f\u00f6r att svara p\u00e5 dina f\u00f6rfr\u00e5gningar och f\u00f6r att anpassa och f\u00f6rb\u00e4ttra v\u00e5rt webbutbud, v\u00e5ra produkter och tj\u00e4nster i enlighet med dina preferenser (artikel 6.1 a, b och f i GDPR).<\/p>\r\n<h3>2.2.\u00a0\u00a0\u00a0\u00a0 Syftet med anv\u00e4ndningen av personuppgifter<\/h3>\r\n<p>Syftet med anv\u00e4ndningen av dina personuppgifter ska tydligt anges i denna sekretesspolicy eller p\u00e5 annat s\u00e4tt n\u00e4r informationen samlas in, utom i de fall d\u00e4r syftet med anv\u00e4ndningen \u00e4r uppenbart f\u00f6r dig. Anv\u00e4ndningen av de personuppgifter som du tillhandah\u00e5ller ska begr\u00e4nsas till det anv\u00e4ndnings\u00e4ndam\u00e5l som du i f\u00f6rv\u00e4g har f\u00e5tt veta. Vi f\u00f6rbeh\u00e5ller oss dock r\u00e4tten att utf\u00f6ra ytterligare behandling i den utstr\u00e4ckning som till\u00e5ts eller kr\u00e4vs enligt relevanta lagar och f\u00f6rordningar.<\/p>\r\n<p>Dessutom kan vi vara tvungna att anv\u00e4nda och beh\u00e5lla personuppgifter av juridiska sk\u00e4l och f\u00f6r att uppfylla kraven, till exempel f\u00f6r att f\u00f6rebygga, uppt\u00e4cka eller utreda brott, f\u00f6rhindra f\u00f6rluster eller bek\u00e4mpa bedr\u00e4gerier. Vi kan ocks\u00e5 komma att anv\u00e4nda personuppgifter f\u00f6r att uppfylla v\u00e5ra interna och externa revisionskrav, informationss\u00e4kerhets\u00e4ndam\u00e5l och om vi p\u00e5 annat s\u00e4tt anser att det \u00e4r n\u00f6dv\u00e4ndigt eller l\u00e4mpligt: (a) enligt till\u00e4mplig lag, vilket kan inkludera lagar utanf\u00f6r ditt hemland, (b) f\u00f6r att svara p\u00e5 f\u00f6rfr\u00e5gningar fr\u00e5n domstolar, brottsbek\u00e4mpande organ, tillsynsmyndigheter och andra offentliga och statliga myndigheter, vilket kan inkludera s\u00e5dana myndigheter utanf\u00f6r ditt hemland, (c) f\u00f6r att uppr\u00e4tth\u00e5lla villkor och (d) f\u00f6r att skydda v\u00e5ra r\u00e4ttigheter, v\u00e5r integritet, s\u00e4kerhet eller egendom, eller andra personers r\u00e4ttigheter.<\/p>\r\n<p>F\u00f6ljande exempel illustrerar m\u00f6jliga scenarier d\u00e4r vi samlar in och anv\u00e4nder dina personuppgifter:<\/p>\r\n<h4>2.2.1.\u00a0\u00a0\u00a0\u00a0\u00a0\u00a0\u00a0 Anv\u00e4ndarkonton<\/h4>\r\n<p>N\u00e4r du registrerar dig f\u00f6r ett kundkonto samlar vi vanligtvis in namn, e-postadress och l\u00f6senord. Dessutom kan du ange din adress, inklusive fakturerings- och leveransadress i ditt kundkonto. N\u00e4r du g\u00f6r en best\u00e4llning samlar vi in uppgifter om de varor du har valt, motsvarande prisinformation, eventuella kuponger som du kan anv\u00e4nda, din fakturerings- och leveransadress samt det valda betalnings- och leveranss\u00e4ttet. I samband med att best\u00e4llningar fullg\u00f6rs samlar vi s\u00e4rskilt in information om betalning, leverans och returer.<\/p>\r\n<p>Vi kan anv\u00e4nda dina personuppgifter f\u00f6r att uppr\u00e4tth\u00e5lla ditt anv\u00e4ndarkonto, f\u00f6r att verifiera att du \u00e4r en legitim anv\u00e4ndare, f\u00f6r att f\u00f6rse dig med beg\u00e4rd information om FUJIFILMs produkter och tj\u00e4nster, inklusive eventuella nyhetsbrev som du kan prenumerera p\u00e5, och f\u00f6r att svara p\u00e5 support och andra f\u00f6rfr\u00e5gningar som du kan ha. I samband med ditt anv\u00e4ndarkonto kan vi analysera din anv\u00e4ndning av v\u00e5r webbplats och v\u00e5rt nyhetsbrev f\u00f6r att b\u00e4ttre f\u00f6rst\u00e5 dina preferenser och f\u00f6r att f\u00f6rb\u00e4ttra v\u00e5ra webbtj\u00e4nster. Vi lagrar s\u00e5dan information i samband med ditt anv\u00e4ndarkonto. Om du har gett ditt samtycke till marknadsf\u00f6ring kan vi ocks\u00e5 komma att kontakta dig under dina kontaktuppgifter f\u00f6r f\u00f6retag i marknadsf\u00f6ringssyfte i samband med v\u00e5ra produkter och tj\u00e4nster som kan vara av intresse f\u00f6r dig.<\/p>\r\n<p>Om du har skapat ett anv\u00e4ndarkonto lagrar vi dina uppgifter s\u00e5 l\u00e4nge du har ditt anv\u00e4ndarkonto. Om ditt anv\u00e4ndarkonto raderas lagrar vi de relevanta uppgifterna endast i den utstr\u00e4ckning som lagen till\u00e5ter eller kr\u00e4ver.<\/p>\r\n<p>Via ditt anv\u00e4ndarkonto kan du administrera och uppdatera dina kontaktuppgifter och dina preferenser. Behandla dina \u00e5tkomstuppgifter konfidentiellt och dela inte ditt l\u00f6senord med n\u00e5gon tredje part. Om du f\u00e5r k\u00e4nnedom om, eller om du misst\u00e4nker att en tredje part har f\u00e5tt obeh\u00f6rig tillg\u00e5ng till dina \u00e5tkomstuppgifter eller anv\u00e4nder ditt konto, v\u00e4nligen \u00e4ndra ditt l\u00f6senord utan on\u00f6digt dr\u00f6jsm\u00e5l.<\/p>\r\n<h4>2.2.2.\u00a0\u00a0\u00a0\u00a0\u00a0\u00a0\u00a0 Personliga tj\u00e4nster<\/h4>\r\n<p>I samband med de personliga tj\u00e4nsterna kan vi behandla och anv\u00e4nda din information f\u00f6r reklam och marknadsunders\u00f6kningar eller f\u00f6r personliga tj\u00e4nster om du har gett ditt samtycke. Om du ger ditt samtycke kan den information som du f\u00e5r tillg\u00e5ng till n\u00e4r du bes\u00f6ker webbplatsen\/webbplatserna och apparna lagras i en anv\u00e4ndarprofil f\u00f6r att kunna erbjuda dig information som \u00e4r s\u00e4rskilt anpassad f\u00f6r dig (t.ex. i form av ett nyhetsbrev). Du kan n\u00e4r som helst \u00e5terkalla ditt samtycke med verkan f\u00f6r framtiden.<\/p>\r\n<p>Om du anv\u00e4nder personliga tj\u00e4nster kommer vi att anv\u00e4nda dina personuppgifter som kr\u00e4vs f\u00f6r att tillhandah\u00e5lla tj\u00e4nsterna s\u00e5 l\u00e4nge du \u00e4r registrerad och d\u00e4refter s\u00e5 l\u00e4nge som kr\u00e4vs eller till\u00e5ts enligt g\u00e4llande lagar. Vi kan dela din information med anslutna FUJIFILM-f\u00f6retag om det \u00e4r n\u00f6dv\u00e4ndigt f\u00f6r att svara p\u00e5 dina f\u00f6rfr\u00e5gningar eller om det \u00e4r n\u00f6dv\u00e4ndigt f\u00f6r att tillhandah\u00e5lla tj\u00e4nsterna. Vi kan vidarebefordra f\u00f6rfr\u00e5gningar om v\u00e5ra produkter och tj\u00e4nster \u00e4ven till en distribut\u00f6r som \u00e4r ansvarig f\u00f6r den relevanta produkt- eller tj\u00e4nstekategorin och regionen.<\/p>\r\n<h4>2.2.3.\u00a0\u00a0\u00a0\u00a0\u00a0\u00a0\u00a0 Blogg \/ forum<\/h4>\r\n<p>P\u00e5 vissa av v\u00e5ra webbplatser finns offentligt tillg\u00e4ngliga bloggar eller forum. Du b\u00f6r vara medveten om att all information som du l\u00e4mnar i dessa omr\u00e5den kan l\u00e4sas, samlas in och anv\u00e4ndas av andra som har tillg\u00e5ng till dem. Om du vill beg\u00e4ra att din personliga information tas bort fr\u00e5n v\u00e5r blogg eller v\u00e5rt forum, kontakta oss med hj\u00e4lp av de kontaktuppgifter som anges i avsnittet &#8221;Kontakta oss&#8221;. I vissa fall kan det h\u00e4nda att vi inte kan ta bort dina personuppgifter, och i s\u00e5 fall meddelar vi dig om vi inte kan g\u00f6ra det och varf\u00f6r.<\/p>\r\n<h4>2.2.4.\u00a0\u00a0\u00a0\u00a0\u00a0\u00a0\u00a0 Nyhetsbrev via e-post<\/h4>\r\n<p>Om du prenumererar p\u00e5 v\u00e5ra nyhetsbrev kommer vi att anv\u00e4nda den personliga information som du beh\u00f6ver eller separat har l\u00e4mnat f\u00f6r att skicka dig v\u00e5ra nyhetsbrev enligt \u00f6verenskommelse. Nyhetsbrev kan inneh\u00e5lla webbfyrar, sp\u00e5rningspixlar eller l\u00e4nkar som g\u00f6r det m\u00f6jligt f\u00f6r oss att analysera din anv\u00e4ndning av nyhetsbrevet, inklusive information om huruvida du har mottagit och \u00f6ppnat v\u00e5rt nyhetsbrev. Du kan n\u00e4r som helst \u00e5terkalla ditt samtycke och avregistrera dig fr\u00e5n nyhetsbrevet antingen genom att skicka ett meddelande till oss eller via en s\u00e4rskild avregistreringsl\u00e4nk i nyhetsbrevet.<\/p>\r\n<h4>2.2.5.\u00a0\u00a0\u00a0\u00a0\u00a0\u00a0\u00a0 E-postreklam utan prenumeration<\/h4>\r\n<p>Om vi f\u00e5r din e-postadress i samband med f\u00f6rs\u00e4ljning av varor eller tj\u00e4nster och du inte har motsatt dig detta, har vi r\u00e4tt att regelbundet erbjuda dig liknande varor och tj\u00e4nster, t.ex. de som du k\u00f6pte med hj\u00e4lp av din e-post. Du kan n\u00e4r som helst i framtiden \u00e5terkalla ditt samtycke till s\u00e5dan anv\u00e4ndning av din e-postadress genom att skicka ett meddelande till oss eller via den avregistreringsl\u00e4nk som finns i v\u00e5ra e-postmeddelanden.<\/p>\r\n<h4>2.2.6.\u00a0\u00a0\u00a0\u00a0\u00a0\u00a0\u00a0 Postreklam<\/h4>\r\n<p>Vi kan ha r\u00e4tt enligt g\u00e4llande lagar att lagra ditt f\u00f6r- och efternamn, din postadress och, i f\u00f6rekommande fall, din titel och akademiska examen och anv\u00e4nda dem f\u00f6r v\u00e5ra egna reklamsyften, i synnerhet f\u00f6r att skicka erbjudanden och information om v\u00e5ra varor och tj\u00e4nster via posttj\u00e4nster. Du kan n\u00e4r som helst f\u00f6r framtiden inv\u00e4nda mot denna anv\u00e4ndning av dina uppgifter genom att skicka ett meddelande till oss.<\/p>\r\n<h3>2.3.\u00a0\u00a0\u00a0\u00a0 Delning och utl\u00e4mnande av uppgifter<\/h3>\r\n<p>Vi kommer inte att avsl\u00f6ja eller tillhandah\u00e5lla, dela eller p\u00e5 annat s\u00e4tt distribuera din personliga information till tredje part, f\u00f6rutom enligt beskrivningen i denna sekretesspolicy. Vi delar personlig information n\u00e4r:<\/p>\r\n<p>(a) ditt samtycke ges i f\u00f6rv\u00e4g;<\/p>\r\n<p>(b) det \u00e4r n\u00f6dv\u00e4ndigt f\u00f6r att tillhandah\u00e5lla v\u00e5ra tj\u00e4nster till dig, inklusive i synnerhet att skicka marknadsf\u00f6ringskommunikation, tillhandah\u00e5lla kundservice, st\u00f6dja v\u00e5r marknadsf\u00f6ring och produktdistribution eller driva v\u00e5ra system eller applikationer. Dessa f\u00f6retag har r\u00e4tt att anv\u00e4nda dina personuppgifter endast i den utstr\u00e4ckning som kr\u00e4vs f\u00f6r att tillhandah\u00e5lla dessa tj\u00e4nster.<\/p>\r\n<p>(c) Personlig information kan delas med FUJIFILM-koncernen om det beh\u00f6vs f\u00f6r att tillhandah\u00e5lla tj\u00e4nster eller uppfylla produktbest\u00e4llningar, f\u00f6r kontoadministration, f\u00f6r att underl\u00e4tta f\u00f6rs\u00e4ljning och marknadsf\u00f6ring, f\u00f6r kundsupport och teknisk support samt f\u00f6r att fr\u00e4mja aff\u00e4rs- och produktutveckling. Klicka h\u00e4r http:\/\/www.fujifilm.com\/about\/office\/ f\u00f6r att se en lista \u00f6ver FUJIFILM-koncernens platser som vi kan dela personlig information med. Vi kan ocks\u00e5 vidarebefordra f\u00f6rfr\u00e5gningar om v\u00e5ra produkter och tj\u00e4nster till en tredjepartsdistribut\u00f6r som \u00e4r ansvarig f\u00f6r den relevanta produkt- eller tj\u00e4nstekategorin och regionen;<\/p>\r\n<p>(d) du best\u00e4ller produkter eller anv\u00e4nder andra tj\u00e4nster som kr\u00e4ver en avgift, ditt namn, din adress, ditt kreditkortsnummer och annan information l\u00e4mnas ut till finansinstitut eller andra parter f\u00f6r betalning;<\/p>\r\n<p>(e) v\u00e5r verksamhet \u00f6verl\u00e5ts eller \u00f6verf\u00f6rs antingen enligt lag eller p\u00e5 annat s\u00e4tt, inklusive fusioner, konsolideringar och uppl\u00f6sning eller \u00f6verf\u00f6ring av verksamhet;<\/p>\r\n<p>(f) utl\u00e4mnande av dina personuppgifter kr\u00e4vs enligt till\u00e4mpliga lagar och f\u00f6rordningar eller om s\u00e5dant utl\u00e4mnande p\u00e5 annat s\u00e4tt \u00e4r n\u00f6dv\u00e4ndigt f\u00f6r att st\u00f6dja brottsutredningar eller andra r\u00e4ttsliga utredningar eller f\u00f6rfaranden som genomf\u00f6rs av relevanta myndigheter; eller<\/p>\r\n<p>(g) Det finns ett omedelbart behov av att l\u00e4mna ut uppgifter f\u00f6r att skydda m\u00e4nniskoliv eller m\u00e4nskliga r\u00e4ttigheter.<\/p>\r\n<h3>2.4.\u00a0\u00a0\u00a0\u00a0 Internationella data\u00f6verf\u00f6ringar<\/h3>\r\n<p>Vi kan \u00f6verf\u00f6ra den personliga information vi samlar in till och lagra s\u00e5dan information i andra l\u00e4nder som kan ha andra integritets- eller dataskyddslagar \u00e4n det land d\u00e4r informationen l\u00e4mnades.<\/p>\r\n<p>Detta inneb\u00e4r att dina personuppgifter ocks\u00e5 kan \u00f6verf\u00f6ras till och\/eller behandlas av FUJIFILM-enheter eller (p\u00e5 deras v\u00e4gnar) av tredjepartsleverant\u00f6rer utanf\u00f6r Europeiska unionen (&#8221;EU&#8221;) eller Europeiska ekonomiska samarbetsomr\u00e5det (&#8221;EES&#8221;). Dataskyddsbest\u00e4mmelserna i de relevanta l\u00e4nder d\u00e4r dina personuppgifter samlas in eller behandlas kan avvika fr\u00e5n den skyddsniv\u00e5 som ges av lagstiftningen i EU\/EES. FUJIFILM kommer dock att s\u00e4kerst\u00e4lla ett adekvat skydd av dina personuppgifter i enlighet med g\u00e4llande lagar och de principer som anges h\u00e4r. Genom att anv\u00e4nda v\u00e5r(a) webbplats(er) och app(er) samtycker du till insamling och \u00f6verf\u00f6ring av dina personuppgifter utanf\u00f6r EU\/EES enligt beskrivningen h\u00e4r.<\/p>\r\n<h3>2.5.\u00a0\u00a0\u00a0\u00a0 Datas\u00e4kerhet<\/h3>\r\n<p>FUJIFILM vidtar adekvata tekniska och organisatoriska s\u00e4kerhets\u00e5tg\u00e4rder f\u00f6r att skydda dina personuppgifter fr\u00e5n missbruk och f\u00f6r att f\u00f6rhindra att din information g\u00e5r f\u00f6rlorad. Din personliga information sparas i en s\u00e4ker driftsmilj\u00f6 som inte \u00e4r tillg\u00e4nglig f\u00f6r allm\u00e4nheten. All personlig information som du l\u00e4mnar i samband med registrering eller anv\u00e4ndning av personliga tj\u00e4nster \u00f6verf\u00f6rs i krypterad form f\u00f6r att f\u00f6rhindra att informationen missbrukas av tredje part.<\/p>\r\n<h2>3.\u00a0\u00a0 Anv\u00e4ndning av cookies, sp\u00e5rningsteknik och plug-ins f\u00f6r sociala medier<\/h2>\r\n<h3>3.1.\u00a0\u00a0\u00a0\u00a0 Anv\u00e4ndning av cookies och sp\u00e5rningsteknik<\/h3>\r\n<p>V\u00e5r(a) webbplats(er) och app(er) kan anv\u00e4nda &#8221;cookies&#8221; eller liknande teknik (analysprogram och sociala medietj\u00e4nster). Cookies \u00e4r textfiler som skickas av en webbplats(er) till anv\u00e4ndarens webbl\u00e4sare f\u00f6r att lagra information p\u00e5 anv\u00e4ndarens enheter. N\u00e4r webbplatsen\/webbplatserna bes\u00f6ks l\u00e4ser webbplatsen\/webbplatserna informationen i cookien.<\/p>\r\n<h4>3.1.1.\u00a0\u00a0\u00a0\u00a0\u00a0\u00a0\u00a0 Ditt samtycke till anv\u00e4ndningen av cookies<\/h4>\r\n<p>Vi skiljer mellan strikt n\u00f6dv\u00e4ndiga cookies, som kr\u00e4vs f\u00f6r att v\u00e5ra webbplatser ska fungera korrekt, och andra cookies. Strikt n\u00f6dv\u00e4ndiga cookies kr\u00e4ver inte ditt samtycke. F\u00f6r andra cookies beg\u00e4r vi ditt samtycke innan vi placerar dem p\u00e5 din enhet. Du kan anv\u00e4nda v\u00e5r webbplats f\u00f6rst n\u00e4r du har bekr\u00e4ftat dina cookieinst\u00e4llningar.<\/p>\r\n<p>N\u00e4r du f\u00f6rst bes\u00f6ker v\u00e5r(a) webbplats(er) visas ett popup-f\u00f6nster med v\u00e5r Cookie Consent Manager. Om du klickar p\u00e5 knappen &#8221;Cookie Settings&#8221; kommer du att h\u00e4nvisas till Privacy Preference Center. Privacy Preference Center visar ocks\u00e5 en cookie-lista d\u00e4r du kan hitta information om cookies och de syften som de anv\u00e4nds f\u00f6r. I Privacy Preference Center kan du aktivera eller inaktivera anv\u00e4ndningen av cookies med hj\u00e4lp av v\u00e4xelv\u00e4ljaren. Observera att om du inte accepterar cookies kan det h\u00e4nda att du inte kan anv\u00e4nda vissa funktioner p\u00e5 v\u00e5r webbplats p\u00e5 avsett s\u00e4tt.<\/p>\r\n<h4>3.1.2.\u00a0\u00a0\u00a0\u00a0\u00a0\u00a0\u00a0 \u00c4ndra dina inst\u00e4llningar f\u00f6r cookies\/\u00e5terkalla ditt samtycke<\/h4>\r\n<p>Du kan \u00e4ndra dina inst\u00e4llningar f\u00f6r cookies n\u00e4r som helst i Cookie-inst\u00e4llningarna.<\/p>\r\n<!-- OneTrust Cookies Settings button start -->\r\n<button id=\"ot-sdk-btn\" class=\"ot-sdk-show-settings\">Cookie Settings<\/button>\r\n<!-- OneTrust Cookies Settings button end -->\r\n\r\n<p>Du kan ocks\u00e5 n\u00e4r som helst inaktivera anv\u00e4ndningen av\/ta bort cookies via inst\u00e4llningarna i din webbl\u00e4sare. Observera att du i s\u00e5 fall kanske inte kan anv\u00e4nda alla funktioner som erbjuds p\u00e5 webbplatsen\/webbplatserna fullt ut.<\/p>\r\n<h4>3.1.3.\u00a0\u00a0\u00a0\u00a0\u00a0\u00a0\u00a0 Cookie-lista<\/h4>\r\n<!-- OneTrust Cookies List start -->\r\n<div id=\"ot-sdk-cookie-policy\"><\/div>\r\n<!-- OneTrust Cookies List end -->\r\n\r\n<h3>3.2.\u00a0\u00a0\u00a0\u00a0 Plug-ins f\u00f6r sociala n\u00e4tverk<\/h3>\r\n<p>V\u00e5r(a) webbplats(er) och app(er) kan erbjuda insticksprogram f\u00f6r sociala n\u00e4tverk (&#8221;n\u00e4tverk&#8221;). Plugins f\u00f6r sociala n\u00e4tverk \u00e4r enkla s\u00e4tt att dela inneh\u00e5ll med andra m\u00e4nniskor via n\u00e4tverk. N\u00e4r du g\u00e5r in p\u00e5 webbplatsen\/webbplatserna kan dessa insticksprogram potentiellt skapa en direkt anslutning mellan din webbl\u00e4sare och respektive n\u00e4tverk. Om du interagerar med insticksprogrammen, t.ex. n\u00e4r det g\u00e4ller Twitter genom att klicka p\u00e5 &#8221;Tweet This&#8221; eller Facebook genom att klicka p\u00e5 knappen &#8221;Jag gillar&#8221; eller g\u00f6ra en kommentar, kommer motsvarande information att \u00f6verf\u00f6ras direkt fr\u00e5n din webbl\u00e4sare till n\u00e4tverket. I vissa fall utbyts information redan med ett n\u00e4tverk n\u00e4r du bes\u00f6ker webbplatsen\/webbplatserna, oavsett om du interagerar med insticksprogrammen eller inte.<\/p>\r\n<p>Du kan f\u00f6rhindra att information delas med ett n\u00e4tverk genom att inte till\u00e5ta motsvarande kakor och\/eller logga ut fr\u00e5n n\u00e4tverket innan du anv\u00e4nder webbplatsen\/webbplatserna.<\/p>\r\n<h2>4.\u00a0\u00a0 Lagring av uppgifter<\/h2>\r\n<p>Vi beh\u00e5ller din personliga information s\u00e5 l\u00e4nge ditt konto \u00e4r aktivt eller s\u00e5 l\u00e4nge som det beh\u00f6vs f\u00f6r att tillhandah\u00e5lla tj\u00e4nster till dig. Vi kommer att beh\u00e5lla och anv\u00e4nda dina personuppgifter om det \u00e4r n\u00f6dv\u00e4ndigt f\u00f6r att uppfylla v\u00e5ra juridiska skyldigheter, l\u00f6sa tvister och uppr\u00e4tth\u00e5lla v\u00e5ra avtal.<\/p>\r\n<h2>5.\u00a0\u00a0 Dina r\u00e4ttigheter i samband med dina personuppgifter enligt GDPR<\/h2>\r\n<p>Du har r\u00e4tt att beg\u00e4ra tillg\u00e5ng till och r\u00e4ttelse eller radering av personuppgifter, att begr\u00e4nsa behandlingen av dina personuppgifter, att inv\u00e4nda mot s\u00e5dan behandling och att ut\u00f6va din r\u00e4tt till dataportabilitet i enlighet med GDPR och till\u00e4mpliga lagar.<\/p>\r\n<p>Du har r\u00e4tt att l\u00e4mna in ett klagom\u00e5l till en beh\u00f6rig tillsynsmyndighet i enlighet med GDPR och till\u00e4mpliga lagar om du anser att behandlingen av personuppgifter som r\u00f6r dig strider mot GDPR. F\u00f6r detta \u00e4ndam\u00e5l kan du s\u00e4rskilt kontakta tillsynsmyndigheten i den EU-medlemsstat d\u00e4r du har din vanliga vistelseort eller den plats d\u00e4r den p\u00e5st\u00e5dda \u00f6vertr\u00e4delsen sker. En f\u00f6rteckning \u00f6ver de nationella dataskyddsmyndigheterna finns h\u00e4r https:\/\/edpb.europa.eu\/about-edpb\/about-edpb\/members_sv.<\/p>\r\n<h2>6.\u00a0\u00a0 \u00c4ndringar i sekretesspolicyn<\/h2>\r\n<p>FUJIFILM f\u00f6rbeh\u00e5ller sig r\u00e4tten att \u00e4ndra, komplettera eller uppdatera denna sekretesspolicy. Om vi beslutar oss f\u00f6r att \u00e4ndra v\u00e5r integritetspolicy kommer vi att publicera den reviderade integritetspolicyn och ange datum f\u00f6r publicering. Vid \u00e5terbes\u00f6k b\u00f6r du komma ih\u00e5g att l\u00e4sa igenom sekretesspolicyn f\u00f6r eventuella \u00e4ndringar, eftersom fortsatt anv\u00e4ndning av webbplatsen\/webbplatserna eller apparna efter en publicerad revidering inneb\u00e4r att du samtycker till att vi anv\u00e4nder din information i enlighet med den \u00e4ndrade, kompletterade eller uppdaterade sekretesspolicyn.<\/p>\r\n<p>&nbsp;<\/p>\r\n<p>&nbsp;<\/p>\r\n","protected":false},"excerpt":{"rendered":"<p>Integritetspolicy 1.\u00a0\u00a0 Till\u00e4mpningsomr\u00e5de f\u00f6r denna sekretesspolicy 1.1.\u00a0\u00a0\u00a0\u00a0 Till\u00e4mpningsomr\u00e5de Denna sekretesspolicy beskriver v\u00e5rt \u00e5tagande att skydda dataskyddet och hur vi behandlar den personliga information som vi f\u00e5r fr\u00e5n bes\u00f6kare p\u00e5 denna webbplats (&#8221;Webbplats(er)&#8221;) och anv\u00e4ndare av mjukvaruapplikationer (&#8221;App(er)&#8221;) som (i) f\u00f6rvaltas och drivs av FUJIFILM Europe eller ett av dess dotterbolag enligt vad som anges i [&hellip;]<\/p>\n","protected":false},"author":1,"featured_media":0,"parent":0,"menu_order":0,"comment_status":"closed","ping_status":"closed","template":"tmpl_privacy.php","meta":[],"acf":[],"_links":{"self":[{"href":"https:\/\/fujifilmxmount.com\/comparison\/wp-json\/wp\/v2\/pages\/1774"}],"collection":[{"href":"https:\/\/fujifilmxmount.com\/comparison\/wp-json\/wp\/v2\/pages"}],"about":[{"href":"https:\/\/fujifilmxmount.com\/comparison\/wp-json\/wp\/v2\/types\/page"}],"author":[{"embeddable":true,"href":"https:\/\/fujifilmxmount.com\/comparison\/wp-json\/wp\/v2\/users\/1"}],"replies":[{"embeddable":true,"href":"https:\/\/fujifilmxmount.com\/comparison\/wp-json\/wp\/v2\/comments?post=1774"}],"version-history":[{"count":0,"href":"https:\/\/fujifilmxmount.com\/comparison\/wp-json\/wp\/v2\/pages\/1774\/revisions"}],"wp:attachment":[{"href":"https:\/\/fujifilmxmount.com\/comparison\/wp-json\/wp\/v2\/media?parent=1774"}],"curies":[{"name":"wp","href":"https:\/\/api.w.org\/{rel}","templated":true}]}}