{"id":202,"date":"2014-10-30T17:24:10","date_gmt":"2014-10-30T16:24:10","guid":{"rendered":"https:\/\/fujifilmxmount.com\/comparison\/wp\/?page_id=202"},"modified":"2014-12-12T14:39:41","modified_gmt":"2014-12-12T13:39:41","slug":"test-our-lenses","status":"publish","type":"page","link":"https:\/\/fujifilmxmount.com\/comparison\/test-our-lenses\/","title":{"rendered":"Testa v\u00e5ra objektiv"},"content":{"rendered":"<p>Testa v\u00e5ra objektiv och upplev hur olika br\u00e4nnvidder och bl\u00e4ndarv\u00e4rden p\u00e5verkar bilden.<\/p>\n<p>&nbsp;<\/p>\n<p>1. V\u00e4lj objektiv<br \/>\n2. V\u00e4lj bl\u00e4ndare (och zoom om tillg\u00e4ngligt)<br \/>\n3. Tryck p\u00e5 \u201dTa foto\u201d<\/p>\n<p>&nbsp;<\/p>\n<p>F\u00f6rhandsgranska och j\u00e4mf\u00f6r dina bilder genom att klicka p\u00e5: \u201dGranska i lightbox\u201d<\/p>\n","protected":false},"excerpt":{"rendered":"<p>Testa v\u00e5ra objektiv och upplev hur olika br\u00e4nnvidder och bl\u00e4ndarv\u00e4rden p\u00e5verkar bilden. &nbsp; 1. V\u00e4lj objektiv 2. V\u00e4lj bl\u00e4ndare (och zoom om tillg\u00e4ngligt) 3. Tryck p\u00e5 \u201dTa foto\u201d &nbsp; F\u00f6rhandsgranska och j\u00e4mf\u00f6r dina bilder genom att klicka p\u00e5: \u201dGranska i lightbox\u201d<\/p>\n","protected":false},"author":1,"featured_media":0,"parent":0,"menu_order":0,"comment_status":"open","ping_status":"open","template":"tmpl-choose-lens.php","meta":[],"acf":[],"_links":{"self":[{"href":"https:\/\/fujifilmxmount.com\/comparison\/wp-json\/wp\/v2\/pages\/202"}],"collection":[{"href":"https:\/\/fujifilmxmount.com\/comparison\/wp-json\/wp\/v2\/pages"}],"about":[{"href":"https:\/\/fujifilmxmount.com\/comparison\/wp-json\/wp\/v2\/types\/page"}],"author":[{"embeddable":true,"href":"https:\/\/fujifilmxmount.com\/comparison\/wp-json\/wp\/v2\/users\/1"}],"replies":[{"embeddable":true,"href":"https:\/\/fujifilmxmount.com\/comparison\/wp-json\/wp\/v2\/comments?post=202"}],"version-history":[{"count":0,"href":"https:\/\/fujifilmxmount.com\/comparison\/wp-json\/wp\/v2\/pages\/202\/revisions"}],"wp:attachment":[{"href":"https:\/\/fujifilmxmount.com\/comparison\/wp-json\/wp\/v2\/media?parent=202"}],"curies":[{"name":"wp","href":"https:\/\/api.w.org\/{rel}","templated":true}]}}