{"id":219,"date":"2014-10-30T17:23:30","date_gmt":"2014-10-30T16:23:30","guid":{"rendered":"https:\/\/fujifilmxmount.com\/comparison\/wp\/?page_id=219"},"modified":"2016-02-09T13:19:33","modified_gmt":"2016-02-09T12:19:33","slug":"about-fujinon-x-mount-lenses","status":"publish","type":"page","link":"https:\/\/fujifilmxmount.com\/comparison\/about-fujinon-x-mount-lenses\/","title":{"rendered":"Om v\u00e5ra <br> objektiv"},"content":{"rendered":"<p><iframe loading=\"lazy\" class=\"xmount_movie\" src=\"\/\/www.youtube.com\/embed\/oY1PbQsh1zM\" width=\"470\" height=\"264\" frameborder=\"0\" allowfullscreen=\"allowfullscreen\"><\/iframe><\/p>\n<p>Med Fujinons objektiv f\u00f6r X Mount f\u00e5r du h\u00f6gsta m\u00f6jliga bildkvalitet f\u00f6r alla t\u00e4nkbara motiv och situationer. Objektiven har utformats s\u00e4rskilt f\u00f6r att passa kamerahusen i X-serien och \u00e4r tillverkade utifr\u00e5n kamerornas bildsensor f\u00f6r att uppn\u00e5 b\u00e4sta m\u00f6jliga resultat.<\/p>\n<p>&nbsp;<\/p>\n<p>Utbudet av objektiv till X-Serien har p\u00e5 kort tid vuxit och inneh\u00e5ller idag allt fr\u00e5n objektiv med fast br\u00e4nnvidd f\u00f6r specifika motiv till m\u00e5ngsidiga och l\u00e4tthanterliga zoomobjektiv. Fotom\u00f6jligheterna kommer att bli \u00e4nnu fler tack vare att ytterligare objektiv finns <span style=\"text-decoration: underline;\"><a href=\"http:\/\/www.fujifilm.com\/products\/digital_cameras\/xf_lens\/roadmap\/\" target=\"_blank\">schemalagda f\u00f6r lanseringen under 2016.<\/a><\/span> Alla objektiv i X-serien erbjuder h\u00f6g uppl\u00f6sning och sk\u00e4rpa fr\u00e5n kant till kant, och de stora bl\u00e4ndar\u00f6ppningarna ger fotografen massor av m\u00f6jligheter till otroliga bilder i ett kompakt utf\u00f6rande med l\u00e5g vikt.<\/p>\n","protected":false},"excerpt":{"rendered":"<p>Med Fujinons objektiv f\u00f6r X Mount f\u00e5r du h\u00f6gsta m\u00f6jliga bildkvalitet f\u00f6r alla t\u00e4nkbara motiv och situationer. Objektiven har utformats s\u00e4rskilt f\u00f6r att passa kamerahusen i X-serien och \u00e4r tillverkade utifr\u00e5n kamerornas bildsensor f\u00f6r att uppn\u00e5 b\u00e4sta m\u00f6jliga resultat. &nbsp; Utbudet av objektiv till X-Serien har p\u00e5 kort tid vuxit och inneh\u00e5ller idag allt fr\u00e5n [&hellip;]<\/p>\n","protected":false},"author":1,"featured_media":0,"parent":0,"menu_order":0,"comment_status":"open","ping_status":"open","template":"tmpl-lenses.php","meta":[],"acf":[],"_links":{"self":[{"href":"https:\/\/fujifilmxmount.com\/comparison\/wp-json\/wp\/v2\/pages\/219"}],"collection":[{"href":"https:\/\/fujifilmxmount.com\/comparison\/wp-json\/wp\/v2\/pages"}],"about":[{"href":"https:\/\/fujifilmxmount.com\/comparison\/wp-json\/wp\/v2\/types\/page"}],"author":[{"embeddable":true,"href":"https:\/\/fujifilmxmount.com\/comparison\/wp-json\/wp\/v2\/users\/1"}],"replies":[{"embeddable":true,"href":"https:\/\/fujifilmxmount.com\/comparison\/wp-json\/wp\/v2\/comments?post=219"}],"version-history":[{"count":0,"href":"https:\/\/fujifilmxmount.com\/comparison\/wp-json\/wp\/v2\/pages\/219\/revisions"}],"wp:attachment":[{"href":"https:\/\/fujifilmxmount.com\/comparison\/wp-json\/wp\/v2\/media?parent=219"}],"curies":[{"name":"wp","href":"https:\/\/api.w.org\/{rel}","templated":true}]}}