{"id":222,"date":"2014-10-30T17:23:19","date_gmt":"2014-10-30T16:23:19","guid":{"rendered":"https:\/\/fujifilmxmount.com\/comparison\/wp\/?page_id=222"},"modified":"2016-02-15T17:35:34","modified_gmt":"2016-02-15T16:35:34","slug":"how-we-did-the-test","status":"publish","type":"page","link":"https:\/\/fujifilmxmount.com\/comparison\/how-we-did-the-test\/","title":{"rendered":"S\u00e5 gjorde vi testet"},"content":{"rendered":"<div class=\"xmount_movie\"><img decoding=\"async\" loading=\"lazy\" class=\"alignnone size-full wp-image-1729\" src=\"https:\/\/fujifilmxmount.com\/comparison\/wp\/wp-content\/uploads\/2016\/02\/hurvigjorde.png\" alt=\"hurvigjorde\" width=\"700\" height=\"525\" \/><\/div>\n<p>Till testet har vi anv\u00e4nt en FUJIFILM X-T1 och de objektiv i X-serien som fanns tillg\u00e4ngliga vid fotograferingstillf\u00e4llet (november 2015). Objektiven \u00e4r fotograferade p\u00e5 samtliga hela bl\u00e4ndarsteg (samt st\u00f6rsta m\u00f6jliga bl\u00e4ndare f\u00f6r varje br\u00e4nnvidd) och p\u00e5 zoom-objektiven har vi anv\u00e4nt 3-4 olika br\u00e4nnvidder.<\/p>\n<p>&nbsp;<\/p>\n<p>Kameran var inst\u00e4lld enligt f\u00f6ljande:<\/p>\n<p>&nbsp;<\/p>\n<p>JPEG (Fine)<br \/>\nProvia\/Velvia\/Classic Chrome (Film Simulation Bracketing)<br \/>\nVitbalans: Manuell<br \/>\nLjusm\u00e4tning: Multi<br \/>\nISO 200<br \/>\nSlutartid: Auto<br \/>\nFokus: AF-S \/ MF<br \/>\nBrusreducering vid l\u00e5ng exponering: P\u00e5<br \/>\nLens modulation optimizer: P\u00e5<\/p>\n<p>&nbsp;<\/p>\n<p>Bilderna \u00e4r tagna p\u00e5 stativ med objektivens bildstabilisator (om tillg\u00e4nglig) avst\u00e4ngd. Bilderna \u00e4r oredigerade JPEG-filer direkt ur kameran men har f\u00f6rminskats i storlek (2500\u00d71667) f\u00f6r att fungera s\u00e5 bra som m\u00f6jligt i testet p\u00e5 sidan.<\/p>\n","protected":false},"excerpt":{"rendered":"<p>Till testet har vi anv\u00e4nt en FUJIFILM X-T1 och de objektiv i X-serien som fanns tillg\u00e4ngliga vid fotograferingstillf\u00e4llet (november 2015). Objektiven \u00e4r fotograferade p\u00e5 samtliga hela bl\u00e4ndarsteg (samt st\u00f6rsta m\u00f6jliga bl\u00e4ndare f\u00f6r varje br\u00e4nnvidd) och p\u00e5 zoom-objektiven har vi anv\u00e4nt 3-4 olika br\u00e4nnvidder. &nbsp; Kameran var inst\u00e4lld enligt f\u00f6ljande: &nbsp; JPEG (Fine) Provia\/Velvia\/Classic Chrome (Film [&hellip;]<\/p>\n","protected":false},"author":1,"featured_media":328,"parent":0,"menu_order":0,"comment_status":"open","ping_status":"open","template":"","meta":[],"acf":[],"_links":{"self":[{"href":"https:\/\/fujifilmxmount.com\/comparison\/wp-json\/wp\/v2\/pages\/222"}],"collection":[{"href":"https:\/\/fujifilmxmount.com\/comparison\/wp-json\/wp\/v2\/pages"}],"about":[{"href":"https:\/\/fujifilmxmount.com\/comparison\/wp-json\/wp\/v2\/types\/page"}],"author":[{"embeddable":true,"href":"https:\/\/fujifilmxmount.com\/comparison\/wp-json\/wp\/v2\/users\/1"}],"replies":[{"embeddable":true,"href":"https:\/\/fujifilmxmount.com\/comparison\/wp-json\/wp\/v2\/comments?post=222"}],"version-history":[{"count":0,"href":"https:\/\/fujifilmxmount.com\/comparison\/wp-json\/wp\/v2\/pages\/222\/revisions"}],"wp:featuredmedia":[{"embeddable":true,"href":"https:\/\/fujifilmxmount.com\/comparison\/wp-json\/wp\/v2\/media\/328"}],"wp:attachment":[{"href":"https:\/\/fujifilmxmount.com\/comparison\/wp-json\/wp\/v2\/media?parent=222"}],"curies":[{"name":"wp","href":"https:\/\/api.w.org\/{rel}","templated":true}]}}