{"id":2612,"date":"2021-08-31T09:43:45","date_gmt":"2021-08-31T07:43:45","guid":{"rendered":"https:\/\/fujifilmxmount.com\/comparison\/?page_id=2612"},"modified":"2021-09-13T09:55:54","modified_gmt":"2021-09-13T07:55:54","slug":"tryck","status":"publish","type":"page","link":"https:\/\/fujifilmxmount.com\/comparison\/tryck\/","title":{"rendered":"Tryck"},"content":{"rendered":"<table>\n<tbody>\n<tr>\n<td width=\"288\">F\u00f6retagsnamn<\/td>\n<td width=\"317\">FUJIFILM Nordic AB<\/td>\n<\/tr>\n<tr>\n<td width=\"288\">Adress<\/td>\n<td width=\"317\">Hantverkargatan 25, SE-112 21 Stockholm, Sverige<\/td>\n<\/tr>\n<tr>\n<td width=\"288\">Telefon<\/td>\n<td width=\"317\">+46 (0)8 525 237 00<\/td>\n<\/tr>\n<tr>\n<td width=\"288\">Fax<\/td>\n<td width=\"317\">n\/a<\/td>\n<\/tr>\n<tr>\n<td width=\"288\">E-post<\/td>\n<td width=\"317\">info@fujifilmnordic.eu<\/td>\n<\/tr>\n<tr>\n<td width=\"288\">Verkst\u00e4llande direkt\u00f6r<\/td>\n<td width=\"317\">Patrik Wigholm<\/td>\n<\/tr>\n<tr>\n<td width=\"288\">Registrera domstol<\/td>\n<td width=\"317\">Stockholms Tingsr\u00e4tt<\/td>\n<\/tr>\n<tr>\n<td width=\"288\">Registreringsnummer<\/td>\n<td width=\"317\">556887-3011<\/td>\n<\/tr>\n<tr>\n<td width=\"288\">Identifikationsnummer f\u00f6r oms\u00e4ttningsskatt<\/td>\n<td width=\"317\">SE556887301101<\/td>\n<\/tr>\n<tr>\n<td width=\"288\">Registreringsnummer f\u00f6r WEEE<\/td>\n<td width=\"317\">556887-3011<\/td>\n<\/tr>\n<tr>\n<td width=\"288\">Information om tvistl\u00f6sning online<\/p>\n<p>&nbsp;<\/td>\n<td width=\"317\">Europeiska kommissionen tillhandah\u00e5ller en plattform f\u00f6r tvistl\u00f6sning online (OS). Du hittar plattformen p\u00e5 f\u00f6ljande adress https:\/\/ec.europa.eu\/consumers\/odr. Vi \u00e4r varken villiga eller skyldiga att delta i ett tvistl\u00f6sningsf\u00f6rfarande inf\u00f6r en konsumentskiljen\u00e4mnd.<\/td>\n<\/tr>\n<\/tbody>\n<\/table>\n","protected":false},"excerpt":{"rendered":"<p>F\u00f6retagsnamn FUJIFILM Nordic AB Adress Hantverkargatan 25, SE-112 21 Stockholm, Sverige Telefon +46 (0)8 525 237 00 Fax n\/a E-post info@fujifilmnordic.eu Verkst\u00e4llande direkt\u00f6r Patrik Wigholm Registrera domstol Stockholms Tingsr\u00e4tt Registreringsnummer 556887-3011 Identifikationsnummer f\u00f6r oms\u00e4ttningsskatt SE556887301101 Registreringsnummer f\u00f6r WEEE 556887-3011 Information om tvistl\u00f6sning online &nbsp; Europeiska kommissionen tillhandah\u00e5ller en plattform f\u00f6r tvistl\u00f6sning online (OS). Du hittar [&hellip;]<\/p>\n","protected":false},"author":1,"featured_media":0,"parent":0,"menu_order":0,"comment_status":"closed","ping_status":"closed","template":"tmpl_privacy.php","meta":[],"acf":[],"_links":{"self":[{"href":"https:\/\/fujifilmxmount.com\/comparison\/wp-json\/wp\/v2\/pages\/2612"}],"collection":[{"href":"https:\/\/fujifilmxmount.com\/comparison\/wp-json\/wp\/v2\/pages"}],"about":[{"href":"https:\/\/fujifilmxmount.com\/comparison\/wp-json\/wp\/v2\/types\/page"}],"author":[{"embeddable":true,"href":"https:\/\/fujifilmxmount.com\/comparison\/wp-json\/wp\/v2\/users\/1"}],"replies":[{"embeddable":true,"href":"https:\/\/fujifilmxmount.com\/comparison\/wp-json\/wp\/v2\/comments?post=2612"}],"version-history":[{"count":0,"href":"https:\/\/fujifilmxmount.com\/comparison\/wp-json\/wp\/v2\/pages\/2612\/revisions"}],"wp:attachment":[{"href":"https:\/\/fujifilmxmount.com\/comparison\/wp-json\/wp\/v2\/media?parent=2612"}],"curies":[{"name":"wp","href":"https:\/\/api.w.org\/{rel}","templated":true}]}}